{"id":2226,"date":"2018-11-22T15:54:36","date_gmt":"2018-11-22T14:54:36","guid":{"rendered":"https:\/\/franceshotokanparis.org\/france-shotokan-paris\/?page_id=2226"},"modified":"2023-09-05T19:18:09","modified_gmt":"2023-09-05T17:18:09","slug":"maitre-ohshima","status":"publish","type":"page","link":"https:\/\/franceshotokanparis.org\/france-shotokan-paris\/maitre-ohshima\/","title":{"rendered":"Ma\u00eetre Ohshima"},"content":{"rendered":"<p>[vc_row][vc_column][vc_column_text]<\/p>\n<h1 class=\"article-title\" style=\"text-align: left;\">Ma\u00eetre Tsutomu Ohshima<\/h1>\n<p style=\"text-align: justify;\"><strong>Tsutomu OHSHlMA<\/strong> est n\u00e9 en 1930. Il fut l&rsquo;\u00e9l\u00e8ve direct du fondateur du karat\u00e9 moderne. Ma\u00eetre <strong>Gichin FUNAKOSHI<\/strong> avec qui il \u00e9tudia pendant six ans. <img loading=\"lazy\" decoding=\"async\" class=\"wp-image-892 size-medium alignleft\" src=\"https:\/\/franceshotokanparis.org\/france-shotokan-paris\/wp-content\/uploads\/2018\/10\/stage_me_ohshima_paris_2010_2_20141108_1875062250-225x300.jpg\" alt=\"\" width=\"225\" height=\"300\" srcset=\"https:\/\/franceshotokanparis.org\/france-shotokan-paris\/wp-content\/uploads\/2018\/10\/stage_me_ohshima_paris_2010_2_20141108_1875062250-225x300.jpg 225w, https:\/\/franceshotokanparis.org\/france-shotokan-paris\/wp-content\/uploads\/2018\/10\/stage_me_ohshima_paris_2010_2_20141108_1875062250.jpg 450w\" sizes=\"(max-width: 225px) 100vw, 225px\" \/>Il fut capitaine du Karat\u00e9 Club de l&rsquo;Universit\u00e9 de Waseda \u00e0 Tokyo. l&rsquo;un des deux plus anciens dojos fond\u00e9s au Japon par Ma\u00eetre FUNAKOSHI et o\u00f9 celui-ci avait l&rsquo;habitude d&rsquo;enseigner. Il obt\u00eent son dipl\u00f4me d&rsquo;Economie de l&rsquo;Universit\u00e9 de Waseda en 1953.<\/p>\n<p style=\"text-align: justify;\">L&rsquo;un des plus jeunes \u00ab\u00a0Godan\u00a0\u00bb de l&rsquo;\u00e9cole <strong>Shotokan<\/strong> au lendemain de la Seconde guerre mondiale, il fut un des deux premiers experts \u00e0 enseigner le karat\u00e9 \u00e0 l&rsquo;ext\u00e9rieur du Japon.<\/p>\n<p style=\"text-align: justify;\">A l&rsquo;instigation de son Ma\u00eetre et afin de transmettre aux non-Japonais le <strong>Karat\u00e9-do,<\/strong> il partit pour les U.S.A. en 1955 o\u00f9 il fonda, en 1956, l&rsquo;Association \u00ab\u00a0American Shotokan Karate\u00a0\u00bb qui est aujourd&rsquo;hui \u00e0 la fois la plus ancienne et la plus importante organisation de karat\u00e9 aux U.S.A.<\/p>\n<p style=\"text-align: justify;\">Au cours du s\u00e9jour de pr\u00e8s d&rsquo;un an qu&rsquo;il fit \u00e0 Paris, en 1962, il donna au karat\u00e9 fran\u00e7ais les fondements techniques n\u00e9cessaires \u00e0 son essor. Il forma de nombreux \u00e9l\u00e8ves et nomma la premi\u00e8re commission technique de la toute nouvelle F\u00e9d\u00e9ration de karat\u00e9, alors section de la FFJDA.Il est le fondateur de l&rsquo;<strong>Association France Shotokan<\/strong>, cr\u00e9\u00e9e en 1964, dont l&rsquo;objet est de promouvoir et de d\u00e9velopper la <strong>pratique du Karat\u00e9-do<\/strong> selon l&rsquo;enseignement de Ma\u00eetre FUNAKOSHI.<\/p>\n<p>[\/vc_column_text][\/vc_column][\/vc_row][vc_row][vc_column][vc_column_text]<\/p>\n<h1 class=\"article-title\" style=\"text-align: left;\">Ma\u00eetre Ohshima apr\u00e8s 1952<\/h1>\n<p style=\"text-align: justify;\"><img loading=\"lazy\" decoding=\"async\" class=\"size-medium wp-image-67 alignright\" src=\"https:\/\/franceshotokanparis.org\/france-shotokan-paris\/wp-content\/uploads\/2018\/09\/ohshima_enseigne-218x300.jpg\" alt=\"\" width=\"218\" height=\"300\" srcset=\"https:\/\/franceshotokanparis.org\/france-shotokan-paris\/wp-content\/uploads\/2018\/09\/ohshima_enseigne-218x300.jpg 218w, https:\/\/franceshotokanparis.org\/france-shotokan-paris\/wp-content\/uploads\/2018\/09\/ohshima_enseigne.jpg 233w\" sizes=\"(max-width: 218px) 100vw, 218px\" \/>En 1952 il est devenu le Capitaine du club de Karat\u00e9 de l&rsquo;universit\u00e9 de Waseda, travaillant directement avec <strong>Ma\u00eetre Funakoshi. <\/strong><\/p>\n<p style=\"text-align: justify;\">En 1952 \u00e9galement, Mr. Ohshima apporta des changements dans le syst\u00e8me d&rsquo;arbitrage, changements toujours en vigueur dans les comp\u00e9titions modernes. Cependant pour les karat\u00e9kas souhaitant participer \u00e0 ces comp\u00e9titions, il pr\u00e9vient que cela ne doit absolument pas \u00eatre vu comme la v\u00e9ritable expression du karat\u00e9.<br \/>\nIl obt\u00eent son dipl\u00f4me d&rsquo;Economie de l&rsquo;Universit\u00e9 de Waseda en 1953.<br \/>\nEn 1955, <strong>Ma\u00eetre Tsutomu OHSHIMA<\/strong>, un des derniers \u00e9l\u00e8ve direct de Ma\u00eetre Funakoshi est arriv\u00e9 aux Etats-Unis pour continuer ses \u00e9tudes \u00e0 l&rsquo;Universit\u00e9 de Californie du Sud \u00e0 Los Angeles, o\u00f9, en janvier 1956, il\u00a0 f\u00fbt la premi\u00e8re personne \u00e0 enseigner le <strong>Karat\u00e9<\/strong> dans ce pays. Il y cr\u00e9a l&rsquo;association \u00ab\u00a0Shotokan Karat\u00e9 of America\u00a0\u00bb association nationale \u00e0 but non lucratif, et actuellement la plus importante association de Karat\u00e9 des Etats-Unis.<\/p>\n<p style=\"text-align: justify;\">En 1957 Mr. Ohshima a re\u00e7u son <em><strong>godan<\/strong><\/em> (cinqui\u00e8me degr\u00e9 de la ceinture noire) des mains de Ma\u00eetre Funakoshi, ce grade est le plus haut d\u00e9cern\u00e9 par Ma\u00eetre Funakoshi et toujours le plus haut atteignable \u00e0 France Shotokan et toutes les organisations Shotokan dans le monde.<\/p>\n<p style=\"text-align: justify;\"><img loading=\"lazy\" decoding=\"async\" class=\"size-medium wp-image-66 alignleft\" src=\"https:\/\/franceshotokanparis.org\/france-shotokan-paris\/wp-content\/uploads\/2018\/09\/ohshima_dojo_50pct-300x225.jpg\" alt=\"\" width=\"300\" height=\"225\" srcset=\"https:\/\/franceshotokanparis.org\/france-shotokan-paris\/wp-content\/uploads\/2018\/09\/ohshima_dojo_50pct-300x225.jpg 300w, https:\/\/franceshotokanparis.org\/france-shotokan-paris\/wp-content\/uploads\/2018\/09\/ohshima_dojo_50pct.jpg 320w\" sizes=\"(max-width: 300px) 100vw, 300px\" \/>Quelques ann\u00e9es plus tard, il est venu en Europe et plus particuli\u00e8rement en France o\u00f9 en 1962, il dirige des cours \u00e0 la montagne Ste Genevi\u00e8ve \u00e0 Paris. Il donna au karat\u00e9 fran\u00e7ais les fondements techniques n\u00e9cessaires \u00e0 son essor. Il forme ainsi les pionniers du <strong>karat\u00e9 en France<\/strong> et les premiers cadres de la f\u00e9d\u00e9ration de Karat\u00e9 \u00e0 l&rsquo;\u00e9poque section de la f\u00e9d\u00e9ration fran\u00e7aise de judo.<br \/>\nSeptembre 1964 marque la naissance de <strong><a href=\"https:\/\/www.franceshotokan.com\/\" target=\"_blank\" rel=\"noopener\">FRANCE SHOTOKAN<\/a> <\/strong>dont l&rsquo;objet est de promouvoir et de d\u00e9velopper la pratique du Karat\u00e9-do selon l&rsquo;enseignement de Ma\u00eetre FUNAKOSHI.<\/p>\n<p style=\"text-align: justify;\">En ao\u00fbt 2000 est inaugur\u00e9 le nouveau dojo central sous le nom de <a title=\"Santa Barbara Ohshima dojo\" href=\"http:\/\/santabarbara.ska.org\/\" target=\"_blank\" rel=\"noopener\"><strong>SHOTOKAN OHSHIMA DOJO\u00a0<\/strong>\u00e0 Santa-Barbara.<\/a><\/p>\n<p>[\/vc_column_text][vc_column_text][\/vc_column_text][\/vc_column][\/vc_row][vc_column][\/vc_column]<\/p>\n","protected":false},"excerpt":{"rendered":"<p>[vc_row][vc_column][vc_column_text] Ma\u00eetre Tsutomu Ohshima Tsutomu OHSHlMA est n\u00e9 en 1930. Il fut l&rsquo;\u00e9l\u00e8ve direct du fondateur du karat\u00e9 moderne. Ma\u00eetre Gichin FUNAKOSHI avec qui il \u00e9tudia pendant six ans. Il fut capitaine du Karat\u00e9 Club de l&rsquo;Universit\u00e9 de Waseda \u00e0 Tokyo. l&rsquo;un des deux plus anciens dojos fond\u00e9s au Japon par Ma\u00eetre FUNAKOSHI et o\u00f9 celui-ci avait [&hellip;]<\/p>\n","protected":false},"author":3,"featured_media":0,"parent":0,"menu_order":0,"comment_status":"closed","ping_status":"closed","template":"tpl\/page_fullwidth.php","meta":{"_exactmetrics_skip_tracking":false,"_exactmetrics_sitenote_active":false,"_exactmetrics_sitenote_note":"","_exactmetrics_sitenote_category":0,"footnotes":""},"categories":[],"tags":[16,7,17,15,6,18,19,20,8],"_links":{"self":[{"href":"https:\/\/franceshotokanparis.org\/france-shotokan-paris\/wp-json\/wp\/v2\/pages\/2226"}],"collection":[{"href":"https:\/\/franceshotokanparis.org\/france-shotokan-paris\/wp-json\/wp\/v2\/pages"}],"about":[{"href":"https:\/\/franceshotokanparis.org\/france-shotokan-paris\/wp-json\/wp\/v2\/types\/page"}],"author":[{"embeddable":true,"href":"https:\/\/franceshotokanparis.org\/france-shotokan-paris\/wp-json\/wp\/v2\/users\/3"}],"replies":[{"embeddable":true,"href":"https:\/\/franceshotokanparis.org\/france-shotokan-paris\/wp-json\/wp\/v2\/comments?post=2226"}],"version-history":[{"count":10,"href":"https:\/\/franceshotokanparis.org\/france-shotokan-paris\/wp-json\/wp\/v2\/pages\/2226\/revisions"}],"predecessor-version":[{"id":2586,"href":"https:\/\/franceshotokanparis.org\/france-shotokan-paris\/wp-json\/wp\/v2\/pages\/2226\/revisions\/2586"}],"wp:attachment":[{"href":"https:\/\/franceshotokanparis.org\/france-shotokan-paris\/wp-json\/wp\/v2\/media?parent=2226"}],"wp:term":[{"taxonomy":"category","embeddable":true,"href":"https:\/\/franceshotokanparis.org\/france-shotokan-paris\/wp-json\/wp\/v2\/categories?post=2226"},{"taxonomy":"post_tag","embeddable":true,"href":"https:\/\/franceshotokanparis.org\/france-shotokan-paris\/wp-json\/wp\/v2\/tags?post=2226"}],"curies":[{"name":"wp","href":"https:\/\/api.w.org\/{rel}","templated":true}]}}