{"id":2232,"date":"2018-11-22T15:53:47","date_gmt":"2018-11-22T14:53:47","guid":{"rendered":"https:\/\/franceshotokanparis.org\/france-shotokan-paris\/?page_id=2232"},"modified":"2018-12-02T08:41:44","modified_gmt":"2018-12-02T07:41:44","slug":"autres-dojos-france-shotokan","status":"publish","type":"page","link":"https:\/\/franceshotokanparis.org\/france-shotokan-paris\/autres-dojos-france-shotokan\/","title":{"rendered":"Autres dojos en France"},"content":{"rendered":"<p>[vc_row][vc_column][vc_empty_space height=\u00a0\u00bb20px\u00a0\u00bb][vc_column_text]<\/p>\n<h1 class=\"article-title\" style=\"text-align: left;\"><a href=\"https:\/\/www.franceshotokan.com\/content\/lassociation-france-shotokan\" target=\"_blank\" rel=\"noopener\">L&rsquo;association France Shotokan<\/a><\/h1>\n<p style=\"text-align: justify;\"><strong><img loading=\"lazy\" decoding=\"async\" class=\"size-full wp-image-78 alignright\" src=\"https:\/\/franceshotokanparis.org\/france-shotokan-paris\/wp-content\/uploads\/2018\/09\/katasgodan-031.jpg\" alt=\"\" width=\"200\" height=\"200\" srcset=\"https:\/\/franceshotokanparis.org\/france-shotokan-paris\/wp-content\/uploads\/2018\/09\/katasgodan-031.jpg 200w, https:\/\/franceshotokanparis.org\/france-shotokan-paris\/wp-content\/uploads\/2018\/09\/katasgodan-031-150x150.jpg 150w, https:\/\/franceshotokanparis.org\/france-shotokan-paris\/wp-content\/uploads\/2018\/09\/katasgodan-031-132x132.jpg 132w, https:\/\/franceshotokanparis.org\/france-shotokan-paris\/wp-content\/uploads\/2018\/09\/katasgodan-031-74x74.jpg 74w\" sizes=\"(max-width: 200px) 100vw, 200px\" \/><a href=\"https:\/\/www.franceshotokan.com\/content\/lassociation-france-shotokan\" target=\"_blank\" rel=\"noopener\"><span style=\"text-decoration: underline;\">France Shotokan<\/span> <\/a><\/strong>est une<strong> association loi 1901<\/strong> <strong>fond\u00e9e en 1964 <\/strong>par <span style=\"text-decoration: underline;\"><strong><a title=\"Tsutomu OHSHIMA\" href=\"http:\/\/franceshotokanparis.org\/france-shotokan-paris\/maitre-ohshima\/\" target=\"_blank\" rel=\"noopener\">Tsutomu OHSHIMA<\/a><\/strong><\/span>\u00a0et les premiers repr\u00e9sentants de la commission karat\u00e9 au sein de la FFJDA, dont Daniel CHEMLA et Jean-Pierre GERBAULET.\u00a0France Shotokan,\u00a0seule association repr\u00e9sentant officiellement en France le style SHOTOKAN OHSHIMA,\u00a0regroupe<strong> <a title=\"Dojos FSK\" href=\"http:\/\/www.franceshotokan.com\/content\/trouver-un-dojo\" target=\"_blank\" rel=\"noopener\"><span style=\"text-decoration: underline;\">l&rsquo;ensemble des dojos<\/span><\/a>\u00a0<\/strong>en France diffusant ce style de karat\u00e9.\u00a0France Shotokan a d\u00e9sormais plus de\u00a050 ann\u00e9es d\u2019existence, compte 60 dojos en France (m\u00e9tropolitaine et DOM\/TOM), 1000 pratiquants, dont plus de 300 ceintures noires. Le style<strong> Shotokan Ohshima<\/strong> est homologu\u00e9 et reconnu officiellement par<strong> <a href=\"http:\/\/www.ffkarate.fr\/\" target=\"_blank\" rel=\"noopener\">la <span style=\"text-decoration: underline;\">F.F.Karat\u00e9<\/span> (F\u00e9d\u00e9ration Fran\u00e7aise de Karat\u00e9 et Disciplines Associ\u00e9es).<\/a><\/strong><\/p>\n<p>Ma\u00eetre Ohshima est aussi le leader (shihan) d&rsquo;autres organisations SHOTOKAN dans le monde telles que Shotokan Karate of America (SKA), Canada Shotokan, Suisse Shotokan ou encore Spain Shotokan.<\/p>\n<div style=\"color: #000000; text-align: justify;\"><\/div>\n<p>[\/vc_column_text][\/vc_column][\/vc_row][vc_row][vc_column width=\u00a0\u00bb1\/3&Prime;][vc_empty_space height=\u00a0\u00bb30px\u00a0\u00bb][vc_btn title=\u00a0\u00bbSite national de FSK\u00a0\u00bb align=\u00a0\u00bbcenter\u00a0\u00bb link=\u00a0\u00bburl:http%3A%2F%2Fwww.franceshotokan.com%2F||target:%20_blank|\u00a0\u00bb][\/vc_column][vc_column width=\u00a0\u00bb1\/3&Prime;][vc_empty_space height=\u00a0\u00bb30px\u00a0\u00bb][vc_btn title=\u00a0\u00bbDojos Shotokan-Ohshima en France\u00a0\u00bb align=\u00a0\u00bbcenter\u00a0\u00bb link=\u00a0\u00bburl:https%3A%2F%2Fwww.franceshotokan.com%2Fcontent%2Ftrouver-un-dojo||target:%20_blank|\u00a0\u00bb][\/vc_column][vc_column width=\u00a0\u00bb1\/3&Prime;][vc_empty_space height=\u00a0\u00bb30px\u00a0\u00bb][vc_btn title=\u00a0\u00bbDojos Shotokan-Ohshima dans le monde\u00a0\u00bb align=\u00a0\u00bbcenter\u00a0\u00bb link=\u00a0\u00bburl:https%3A%2F%2Fwww.franceshotokan.com%2Fcontent%2Fle-shotokan-ohshima-dans-le-monde||target:%20_blank|\u00a0\u00bb][\/vc_column][\/vc_row][vc_row][vc_column][vc_empty_space height=\u00a0\u00bb30px\u00a0\u00bb][vc_column_text]<img loading=\"lazy\" decoding=\"async\" class=\"size-medium wp-image-2076 alignleft\" src=\"https:\/\/franceshotokanparis.org\/france-shotokan-paris\/wp-content\/uploads\/2018\/11\/700_FO52460345_4c9499e26337f76881ff3c40dea281a7-300x219.jpg\" alt=\"\" width=\"300\" height=\"219\" srcset=\"https:\/\/franceshotokanparis.org\/france-shotokan-paris\/wp-content\/uploads\/2018\/11\/700_FO52460345_4c9499e26337f76881ff3c40dea281a7-300x219.jpg 300w, https:\/\/franceshotokanparis.org\/france-shotokan-paris\/wp-content\/uploads\/2018\/11\/700_FO52460345_4c9499e26337f76881ff3c40dea281a7.jpg 700w\" sizes=\"(max-width: 300px) 100vw, 300px\" \/>France Shotokan regroupe 60 dojos en France.<\/p>\n<p>De Toulouse \u00e0 Strasbourg en passant par Marseille, Lyon, Bordeaux, Metz, Strasbourg, Bergerac, et bien d&rsquo;autres vous pourrez trouver un dojo FSK pr\u00e8s de chez vous.<\/p>\n<p>Nos dojos, r\u00e9partis sur le territoire national, sont accessibles gratuitement \u00e0 tous les membres de l\u2019association d\u00e8s lors qu\u2019ils sont en r\u00e8gle avec leur cotisation dans leur dojo d\u2019origine.[\/vc_column_text][vc_empty_space height=\u00a0\u00bb30px\u00a0\u00bb][vc_empty_space height=\u00a0\u00bb60px\u00a0\u00bb][\/vc_column][\/vc_row]<\/p>\n","protected":false},"excerpt":{"rendered":"<p>[vc_row][vc_column][vc_empty_space height=\u00a0\u00bb20px\u00a0\u00bb][vc_column_text] L&rsquo;association France Shotokan France Shotokan est une association loi 1901 fond\u00e9e en 1964 par Tsutomu OHSHIMA\u00a0et les premiers repr\u00e9sentants de la commission karat\u00e9 au sein de la FFJDA, dont Daniel CHEMLA et Jean-Pierre GERBAULET.\u00a0France Shotokan,\u00a0seule association repr\u00e9sentant officiellement en France le style SHOTOKAN OHSHIMA,\u00a0regroupe l&rsquo;ensemble des dojos\u00a0en France diffusant ce style de karat\u00e9.\u00a0France Shotokan a [&hellip;]<\/p>\n","protected":false},"author":3,"featured_media":0,"parent":0,"menu_order":0,"comment_status":"closed","ping_status":"closed","template":"tpl\/page_fullwidth.php","meta":{"_exactmetrics_skip_tracking":false,"_exactmetrics_sitenote_active":false,"_exactmetrics_sitenote_note":"","_exactmetrics_sitenote_category":0,"footnotes":""},"categories":[],"tags":[16,7,17,15,6,18,19,20,8],"_links":{"self":[{"href":"https:\/\/franceshotokanparis.org\/france-shotokan-paris\/wp-json\/wp\/v2\/pages\/2232"}],"collection":[{"href":"https:\/\/franceshotokanparis.org\/france-shotokan-paris\/wp-json\/wp\/v2\/pages"}],"about":[{"href":"https:\/\/franceshotokanparis.org\/france-shotokan-paris\/wp-json\/wp\/v2\/types\/page"}],"author":[{"embeddable":true,"href":"https:\/\/franceshotokanparis.org\/france-shotokan-paris\/wp-json\/wp\/v2\/users\/3"}],"replies":[{"embeddable":true,"href":"https:\/\/franceshotokanparis.org\/france-shotokan-paris\/wp-json\/wp\/v2\/comments?post=2232"}],"version-history":[{"count":14,"href":"https:\/\/franceshotokanparis.org\/france-shotokan-paris\/wp-json\/wp\/v2\/pages\/2232\/revisions"}],"predecessor-version":[{"id":2567,"href":"https:\/\/franceshotokanparis.org\/france-shotokan-paris\/wp-json\/wp\/v2\/pages\/2232\/revisions\/2567"}],"wp:attachment":[{"href":"https:\/\/franceshotokanparis.org\/france-shotokan-paris\/wp-json\/wp\/v2\/media?parent=2232"}],"wp:term":[{"taxonomy":"category","embeddable":true,"href":"https:\/\/franceshotokanparis.org\/france-shotokan-paris\/wp-json\/wp\/v2\/categories?post=2232"},{"taxonomy":"post_tag","embeddable":true,"href":"https:\/\/franceshotokanparis.org\/france-shotokan-paris\/wp-json\/wp\/v2\/tags?post=2232"}],"curies":[{"name":"wp","href":"https:\/\/api.w.org\/{rel}","templated":true}]}}