{"id":2236,"date":"2018-11-22T15:54:17","date_gmt":"2018-11-22T14:54:17","guid":{"rendered":"https:\/\/franceshotokanparis.org\/france-shotokan-paris\/?page_id=2236"},"modified":"2018-12-13T12:01:59","modified_gmt":"2018-12-13T11:01:59","slug":"specificites-ecole-karate-shotokan-ohshima","status":"publish","type":"page","link":"https:\/\/franceshotokanparis.org\/france-shotokan-paris\/specificites-ecole-karate-shotokan-ohshima\/","title":{"rendered":"Sp\u00e9cificit\u00e9s de notre \u00e9cole"},"content":{"rendered":"<p>[vc_row][vc_column][vc_column_text]<\/p>\n<h1>Le karat\u00e9 Shotokan-Ohshima : les sp\u00e9cificit\u00e9s de notre \u00e9cole<\/h1>\n<p>[\/vc_column_text][vc_empty_space height=\u00a0\u00bb30px\u00a0\u00bb][vc_column_text]Le style Shotokan-Ohshima s\u2019inscrit strictement dans la lign\u00e9e de l\u2019enseignement de ma\u00eetre Funakoshi, en se r\u00e9f\u00e9rant \u00e0 son ouvrage majeur Karate-Do Kyohan.<\/p>\n<div class=\"region region-content\">\n<section id=\"block-system-main\" class=\"block block-system clearfix\">\n<article id=\"node-44\" class=\"node node-page clearfix\">\n<div class=\"field field-name-body field-type-text-with-summary field-label-hidden\">\n<div class=\"field-items\">\n<div class=\"field-item even\">\n<p>Notre \u00e9cole porte une attention particuli\u00e8re \u00e0 la<u>\u00a0d\u00e9contraction du corps dans la pratique<\/u>.Sa recherche est le r\u00e9alisme et l\u2019efficacit\u00e9 dans le combat sous toutes ses formes, l\u2019entra\u00eenement portant de fa\u00e7on \u00e9quilibr\u00e9e sur tous les aspects du karat\u00e9 tels que d\u00e9crits par ma\u00eetre Funakoshi dans son ouvrage. L<\/p>\n<p>Notre \u00e9cole a conserv\u00e9 une approche traditionnelle du karat\u00e9 Shotokan, et diff\u00e8re donc par certains aspects du\u00a0karat\u00e9 style Shotokan enseign\u00e9 dans d&rsquo;autres clubs de la F\u00e9d\u00e9ration Fran\u00e7aise de Karat\u00e9 et Disciplines Associ\u00e9es (FFKDA). Le style Shotokan-Ohshima est reconnu comme tel par la FFKDA depuis 2003.<\/p>\n<p>C\u2019est ainsi qu\u2019en plus des\u00a0kihon,\u00a0kata\u00a0et\u00a0kumite\u00a0classiques, ce style d\u00e9veloppe certaines pratiques sp\u00e9cifiques :\u00a0ia\u00ef (combat \u00e0 tr\u00e8s courte distance),\u00a0torite\u00a0(d\u00e9gagements sur saisie, dont une grande partie se travaille \u00e0 genoux) et\u00a0nage waza\u00a0(projections sur attaques).<\/p>\n<ul>\n<li><a href=\"https:\/\/www.youtube.com\/watch?v=GumU-JOK1ss\">Ia\u00ef\u00a0<\/a>: combat \u00e0 tr\u00e8s courte distance<\/li>\n<li><a href=\"https:\/\/www.franceshotokan.com\/sites\/default\/files\/image\/projection.jpg\">Nagewaza<\/a>\u00a0: projections sur attaques<\/li>\n<li><a href=\"https:\/\/www.youtube.com\/watch?v=Bs981aLIxTM\">Torite<\/a>\u00a0: d\u00e9gagements sur saisie et travail \u00e0 genoux<\/li>\n<\/ul>\n<p>Certaines postures classiques diff\u00e9rent \u00e9galement de celles enseign\u00e9es dans les autres \u00e9coles Shotokan, avec une attention sp\u00e9cifique port\u00e9e sur les postures naturelles (kiba-dachi avec genoux au niveau des pieds, o\u00ef-tsuki avec buste au 3\/4 qui \u00e9conomise les lombaires et les \u00e9paules, etc.)<\/p>\n<p>Le \u00ab stage sp\u00e9cial \u00bb (successions d\u2019entra\u00eenements tr\u00e8s intenses sur plusieurs jours) constitue un instrument capital de la progression personnelle dans le style Shotokan Ohshima. Il joue aussi un grand r\u00f4le dans le renforcement des liens entre ses pratiquants.<\/p>\n<p>Notre saison est structur\u00e9e autour de six stages sp\u00e9ciaux (5 en r\u00e9gion, 1 national), et de nombreux stages techniques sur un week-end, dirig\u00e9s par les plus grad\u00e9s de l\u2019association (entre 30 et 45 ans de pratique).<\/p>\n<p>Si la comp\u00e9tition n\u2019occupe qu\u2019une part marginale de notre entra\u00eenement, le jyu kumite en fait pleinement partie.<\/p>\n<p>Comme dans tous les clubs affili\u00e9s \u00e0 la FFKDA, la ceinture marron de France Shotokan permet de pr\u00e9senter le grade de 1er Dan d\u00e9livr\u00e9 par le FFKDA.\u00a0En outre, France Shotokan d\u00e9livre sa propre ceinture noire, en lien avec les\u00a0<span class=\"il\">sp\u00e9cificit\u00e9s<\/span>\u00a0de\u00a0<span class=\"il\">notre<\/span>\u00a0pratique du karat\u00e9, lors du stage sp\u00e9cial national qui se tient chaque ann\u00e9e. Tous les candidats \u00e0 la ceinture noire Ohshima doivent avoir\u00a0obtenu\u00a0au moins le 1e Dan d\u00e9livr\u00e9\u00a0par la F\u00e9d\u00e9ration Fran\u00e7aise de Karat\u00e9.<\/p>\n<\/div>\n<\/div>\n<\/div>\n<\/article>\n<\/section>\n<\/div>\n<p>[\/vc_column_text][\/vc_column][\/vc_row][vc_row][vc_column][vc_empty_space height=\u00a0\u00bb60px\u00a0\u00bb][\/vc_column][\/vc_row]<\/p>\n","protected":false},"excerpt":{"rendered":"<p>[vc_row][vc_column][vc_column_text] Le karat\u00e9 Shotokan-Ohshima : les sp\u00e9cificit\u00e9s de notre \u00e9cole [\/vc_column_text][vc_empty_space height=\u00a0\u00bb30px\u00a0\u00bb][vc_column_text]Le style Shotokan-Ohshima s\u2019inscrit strictement dans la lign\u00e9e de l\u2019enseignement de ma\u00eetre Funakoshi, en se r\u00e9f\u00e9rant \u00e0 son ouvrage majeur Karate-Do Kyohan. Notre \u00e9cole porte une attention particuli\u00e8re \u00e0 la\u00a0d\u00e9contraction du corps dans la pratique.Sa recherche est le r\u00e9alisme et l\u2019efficacit\u00e9 dans le combat sous toutes [&hellip;]<\/p>\n","protected":false},"author":3,"featured_media":0,"parent":0,"menu_order":0,"comment_status":"closed","ping_status":"closed","template":"tpl\/page_fullwidth.php","meta":{"_exactmetrics_skip_tracking":false,"_exactmetrics_sitenote_active":false,"_exactmetrics_sitenote_note":"","_exactmetrics_sitenote_category":0,"footnotes":""},"categories":[],"tags":[16,7,17,15,6,18,19,20,8],"_links":{"self":[{"href":"https:\/\/franceshotokanparis.org\/france-shotokan-paris\/wp-json\/wp\/v2\/pages\/2236"}],"collection":[{"href":"https:\/\/franceshotokanparis.org\/france-shotokan-paris\/wp-json\/wp\/v2\/pages"}],"about":[{"href":"https:\/\/franceshotokanparis.org\/france-shotokan-paris\/wp-json\/wp\/v2\/types\/page"}],"author":[{"embeddable":true,"href":"https:\/\/franceshotokanparis.org\/france-shotokan-paris\/wp-json\/wp\/v2\/users\/3"}],"replies":[{"embeddable":true,"href":"https:\/\/franceshotokanparis.org\/france-shotokan-paris\/wp-json\/wp\/v2\/comments?post=2236"}],"version-history":[{"count":12,"href":"https:\/\/franceshotokanparis.org\/france-shotokan-paris\/wp-json\/wp\/v2\/pages\/2236\/revisions"}],"predecessor-version":[{"id":2658,"href":"https:\/\/franceshotokanparis.org\/france-shotokan-paris\/wp-json\/wp\/v2\/pages\/2236\/revisions\/2658"}],"wp:attachment":[{"href":"https:\/\/franceshotokanparis.org\/france-shotokan-paris\/wp-json\/wp\/v2\/media?parent=2236"}],"wp:term":[{"taxonomy":"category","embeddable":true,"href":"https:\/\/franceshotokanparis.org\/france-shotokan-paris\/wp-json\/wp\/v2\/categories?post=2236"},{"taxonomy":"post_tag","embeddable":true,"href":"https:\/\/franceshotokanparis.org\/france-shotokan-paris\/wp-json\/wp\/v2\/tags?post=2236"}],"curies":[{"name":"wp","href":"https:\/\/api.w.org\/{rel}","templated":true}]}}