{"id":2259,"date":"2018-11-23T11:42:30","date_gmt":"2018-11-23T10:42:30","guid":{"rendered":"https:\/\/franceshotokanparis.org\/france-shotokan-paris\/?page_id=2259"},"modified":"2024-02-16T16:27:33","modified_gmt":"2024-02-16T15:27:33","slug":"france-shotokan-paris","status":"publish","type":"page","link":"https:\/\/franceshotokanparis.org\/france-shotokan-paris\/france-shotokan-paris\/","title":{"rendered":"France Shotokan Paris"},"content":{"rendered":"<p>[vc_row][vc_column][vc_column_text]<\/p>\n<h1 style=\"text-align: justify;\">France Shotokan Paris<\/h1>\n<p>&nbsp;<\/p>\n<p style=\"text-align: justify;\"><span style=\"text-align: justify; font-size: 16px;\">Le dojo de Paris est un dojo parmi les quelques dizaines de l\u2019association nationale \u00ab\u00a0France Shotokan \u00bb\u00a0dans l<\/span><strong style=\"text-align: justify; font-size: 16px;\">a tradition du karat\u00e9 de M<sup>e<\/sup> Ohshima<\/strong><span style=\"text-align: justify; font-size: 16px;\">, qui sont dispers\u00e9s dans toute la France.<br \/>\nEn ce qui concerne le dojo de Paris, toutes les ceintures noires qui donnent des cours sont b\u00e9n\u00e9voles. Ces enseignants dispensent ce qu\u2019ils ont re\u00e7u. Il s\u2019agit un \u00e9l\u00e9ment fondateur de notre identit\u00e9. Les enseignants (une douzaine \u00e0 Paris) ont le niveau technique et les dipl\u00f4mes f\u00e9d\u00e9raux requis pour donner des cours.<br \/>\nLeur nombre et leur personnalit\u00e9 favorisent des approches diff\u00e9rentes de la m\u00eame pratique du karat\u00e9.\u00a0Ces sp\u00e9cificit\u00e9s se traduisent naturellement par une atmosph\u00e8re particuli\u00e8re pendant les cours et par un esprit des pratiquants bien \u00e0 part. Le dojo de France Shotokan Paris\u00a0ne peut que vous inviter \u00e0 venir le constater par vous-m\u00eame.<\/span><\/p>\n<p>&nbsp;<\/p>\n<p><img loading=\"lazy\" decoding=\"async\" class=\"size-full wp-image-522\" src=\"https:\/\/franceshotokanparis.org\/france-shotokan-paris\/wp-content\/uploads\/2018\/10\/vaugirard-1.jpg\" alt=\"\" width=\"1272\" height=\"453\" srcset=\"https:\/\/franceshotokanparis.org\/france-shotokan-paris\/wp-content\/uploads\/2018\/10\/vaugirard-1.jpg 1272w, https:\/\/franceshotokanparis.org\/france-shotokan-paris\/wp-content\/uploads\/2018\/10\/vaugirard-1-300x107.jpg 300w, https:\/\/franceshotokanparis.org\/france-shotokan-paris\/wp-content\/uploads\/2018\/10\/vaugirard-1-768x274.jpg 768w, https:\/\/franceshotokanparis.org\/france-shotokan-paris\/wp-content\/uploads\/2018\/10\/vaugirard-1-1024x365.jpg 1024w\" sizes=\"(max-width: 1272px) 100vw, 1272px\" \/>[\/vc_column_text][vc_empty_space height=\u00a0\u00bb20px\u00a0\u00bb][vc_column_text]<\/p>\n<h3 style=\"text-align: center;\">Composition du bureau<\/h3>\n<p style=\"text-align: center;\">Pr\u00e9sident : Florence Blum<br \/>\nVice-pr\u00e9sident :\u00a0Hector Gomart<br \/>\nTr\u00e9sorier : Damien Cabrera<br \/>\nSecr\u00e9taire : Vanessa Chapuis<\/p>\n<p>[\/vc_column_text][vc_empty_space height=\u00a0\u00bb20px\u00a0\u00bb][\/vc_column][\/vc_row]<\/p>\n","protected":false},"excerpt":{"rendered":"<p>[vc_row][vc_column][vc_column_text] France Shotokan Paris &nbsp; Le dojo de Paris est un dojo parmi les quelques dizaines de l\u2019association nationale \u00ab\u00a0France Shotokan \u00bb\u00a0dans la tradition du karat\u00e9 de Me Ohshima, qui sont dispers\u00e9s dans toute la France. En ce qui concerne le dojo de Paris, toutes les ceintures noires qui donnent des cours sont b\u00e9n\u00e9voles. Ces enseignants dispensent [&hellip;]<\/p>\n","protected":false},"author":3,"featured_media":0,"parent":0,"menu_order":0,"comment_status":"closed","ping_status":"closed","template":"tpl\/page_single.php","meta":{"_exactmetrics_skip_tracking":false,"_exactmetrics_sitenote_active":false,"_exactmetrics_sitenote_note":"","_exactmetrics_sitenote_category":0,"footnotes":""},"categories":[],"tags":[16,7,17,15,6,18,19,20,8],"_links":{"self":[{"href":"https:\/\/franceshotokanparis.org\/france-shotokan-paris\/wp-json\/wp\/v2\/pages\/2259"}],"collection":[{"href":"https:\/\/franceshotokanparis.org\/france-shotokan-paris\/wp-json\/wp\/v2\/pages"}],"about":[{"href":"https:\/\/franceshotokanparis.org\/france-shotokan-paris\/wp-json\/wp\/v2\/types\/page"}],"author":[{"embeddable":true,"href":"https:\/\/franceshotokanparis.org\/france-shotokan-paris\/wp-json\/wp\/v2\/users\/3"}],"replies":[{"embeddable":true,"href":"https:\/\/franceshotokanparis.org\/france-shotokan-paris\/wp-json\/wp\/v2\/comments?post=2259"}],"version-history":[{"count":7,"href":"https:\/\/franceshotokanparis.org\/france-shotokan-paris\/wp-json\/wp\/v2\/pages\/2259\/revisions"}],"predecessor-version":[{"id":3621,"href":"https:\/\/franceshotokanparis.org\/france-shotokan-paris\/wp-json\/wp\/v2\/pages\/2259\/revisions\/3621"}],"wp:attachment":[{"href":"https:\/\/franceshotokanparis.org\/france-shotokan-paris\/wp-json\/wp\/v2\/media?parent=2259"}],"wp:term":[{"taxonomy":"category","embeddable":true,"href":"https:\/\/franceshotokanparis.org\/france-shotokan-paris\/wp-json\/wp\/v2\/categories?post=2259"},{"taxonomy":"post_tag","embeddable":true,"href":"https:\/\/franceshotokanparis.org\/france-shotokan-paris\/wp-json\/wp\/v2\/tags?post=2259"}],"curies":[{"name":"wp","href":"https:\/\/api.w.org\/{rel}","templated":true}]}}