{"id":26,"date":"2018-09-02T14:52:37","date_gmt":"2018-09-02T12:52:37","guid":{"rendered":"https:\/\/franceshotokanparis.org\/france-shotokan-paris\/?page_id=26"},"modified":"2024-08-30T23:11:12","modified_gmt":"2024-08-30T21:11:12","slug":"stages-techniques-stage-speciaux","status":"publish","type":"page","link":"https:\/\/franceshotokanparis.org\/france-shotokan-paris\/stages-techniques-stage-speciaux\/","title":{"rendered":"Stages techniques et stages sp\u00e9ciaux"},"content":{"rendered":"<p>[vc_row][vc_column][vc_empty_space height=\u00a0\u00bb20px\u00a0\u00bb][vc_column_text]<\/p>\n<h2 style=\"text-align: left;\"><span class=\"trail-end\">Stages techniques et stages sp\u00e9ciau<\/span>x<\/h2>\n<p style=\"text-align: justify;\">Notre style se caract\u00e9rise par l\u2019existence de stages dits \u00ab <strong>sp\u00e9ciaux<\/strong> \u00bb (<em>Gasshuku<\/em> en japonais). Ils sont pr\u00e9sents dans toutes les associations nationales <span class=\"zem_slink\">Shotokan<\/span> Ohshima : au Canada, aux Etats-Unis, en Suisse, en Belgique\u2026 Concernant la France, il y a 5 stages de ce type dans l\u2019ann\u00e9e : un pour chaque quart du pays, plus un stage national organis\u00e9 \u00e0 Vichy. Initialement organis\u00e9s sur 7 jours au Japon, ils sont d\u00e9sormais r\u00e9duits \u00e0 4 jours.<\/p>\n<p style=\"text-align: justify;\"><img loading=\"lazy\" decoding=\"async\" class=\"size-full wp-image-113 alignleft\" src=\"https:\/\/franceshotokanparis.org\/france-shotokan-paris\/wp-content\/uploads\/2018\/09\/kibadashi.png\" alt=\"\" width=\"212\" height=\"270\" \/>Le stage d\u00e9bute par les retrouvailles, la veille au soir. Les participants viennent des quatre coins de la France. Certains arrivent dans le courant de la nuit. Les participants entrent dans le vif du sujet le lendemain matin : lever\u00a0au petit matin\u00a0! Les cours s\u2019enchainent alors \u00e0 raison de trois cours minimum par jours (5h00, 14h00, 21h00\u2026. ). Le but d\u2019un stage sp\u00e9cial est de forcer ses participants \u00e0 se d\u00e9passer physiquement et mentalement. Le travail pour am\u00e9liorer sa technique se fait lors de tous les autres stages, qualifi\u00e9s \u00e0 juste titre de \u00abstages techniques\u00bb.<\/p>\n<p style=\"text-align: justify;\">C\u2019est une \u00e9preuve physique (r\u00e9sistance \u00e0 l\u2019effort, \u00e0 la fatigue qui s\u2019accumule). Il y a des cours ou l\u2019on effectue par exemple 1 200 techniques, ou encore 80 katas.<\/p>\n<p style=\"text-align: justify;\"><img loading=\"lazy\" decoding=\"async\" class=\" wp-image-114 alignright\" src=\"https:\/\/franceshotokanparis.org\/france-shotokan-paris\/wp-content\/uploads\/2018\/09\/mokuso_vichy-300x66.jpg\" sizes=\"(max-width: 300px) 100vw, 300px\" srcset=\"https:\/\/franceshotokanparis.org\/france-shotokan-paris\/wp-content\/uploads\/2018\/09\/mokuso_vichy-300x66.jpg 300w, https:\/\/franceshotokanparis.org\/france-shotokan-paris\/wp-content\/uploads\/2018\/09\/mokuso_vichy.jpg 700w\" alt=\"\" width=\"341\" height=\"75\" \/><\/p>\n<p style=\"text-align: justify;\">C\u2019est une \u00e9preuve \u00e9galement mentale : les deux \u00e9preuves les plus redout\u00e9es sont sans nul doute le \u00ab kibadachi \u00bb (posture du cavalier) immobile pendant 1h30, et le \u00ab sambon kumit\u00e9 \u00bb (1h30 heure de combat conventionnel qui se finit pour les grad\u00e9s d&rsquo;une demi-heure d\u2019attaques au niveau visage).<br \/>\nLes stagiaires suivent \u00e9galement un entra\u00eenement particulier : 1 000 oizuki dans le noir et en silence. Ce cours est un hommage aux pratiquants d\u2019Okinawa aux temps o\u00f9 ils devaient pratiquer discr\u00e8tement voire secr\u00e8tement la nuit.<\/p>\n<p style=\"text-align: justify;\">Si le stage sp\u00e9cial est une \u00e9preuve redoutable, ses participants commencent et finissent tous ensemble, quels que soient les grades, le genre, ou l&rsquo;\u00e2ge.<\/p>\n<p><strong>Les stages techniques<\/strong>, quant \u00e0 eux, sont donc moins intenses et portent sur un th\u00e8me particulier, g\u00e9n\u00e9ralement via l&rsquo;encha\u00eenement de deux ou trois entrainements sur un week-end, et dirig\u00e9s par les plus grad\u00e9s de l&rsquo;association nationale France Shotokan.<\/p>\n<p>On peut par ailleurs noter que les deux types de stages respectent aussi le principe de b\u00e9n\u00e9volat des instructeurs.<\/p>\n<p style=\"text-align: justify;\"><strong>Vous pouvez trouver des retours dans les <\/strong><a title=\"Retour de stage\" href=\"http:\/\/franceshotokanparis.org\/index.php?option=com_content&amp;view=category&amp;layout=blog&amp;id=42&amp;Itemid=132\" target=\"_blank\" rel=\"noopener\"><strong>Actualit\u00e9s<\/strong>.<\/a><\/p>\n<p style=\"text-align: justify;\"><em>Source :\u00a0 France Shotokan Caen (AGC)<\/em><\/p>\n<p>[\/vc_column_text][vc_empty_space height=\u00a0\u00bb20px\u00a0\u00bb][\/vc_column][\/vc_row]<\/p>\n","protected":false},"excerpt":{"rendered":"<p>[vc_row][vc_column][vc_empty_space height=\u00a0\u00bb20px\u00a0\u00bb][vc_column_text] Stages techniques et stages sp\u00e9ciaux Notre style se caract\u00e9rise par l\u2019existence de stages dits \u00ab sp\u00e9ciaux \u00bb (Gasshuku en japonais). Ils sont pr\u00e9sents dans toutes les associations nationales Shotokan Ohshima : au Canada, aux Etats-Unis, en Suisse, en Belgique\u2026 Concernant la France, il y a 5 stages de ce type dans l\u2019ann\u00e9e : un pour [&hellip;]<\/p>\n","protected":false},"author":2,"featured_media":0,"parent":0,"menu_order":0,"comment_status":"closed","ping_status":"closed","template":"tpl\/page_fullwidth.php","meta":{"_exactmetrics_skip_tracking":false,"_exactmetrics_sitenote_active":false,"_exactmetrics_sitenote_note":"","_exactmetrics_sitenote_category":0,"footnotes":""},"categories":[],"tags":[16,7,17,15,6,18,19,20,8],"_links":{"self":[{"href":"https:\/\/franceshotokanparis.org\/france-shotokan-paris\/wp-json\/wp\/v2\/pages\/26"}],"collection":[{"href":"https:\/\/franceshotokanparis.org\/france-shotokan-paris\/wp-json\/wp\/v2\/pages"}],"about":[{"href":"https:\/\/franceshotokanparis.org\/france-shotokan-paris\/wp-json\/wp\/v2\/types\/page"}],"author":[{"embeddable":true,"href":"https:\/\/franceshotokanparis.org\/france-shotokan-paris\/wp-json\/wp\/v2\/users\/2"}],"replies":[{"embeddable":true,"href":"https:\/\/franceshotokanparis.org\/france-shotokan-paris\/wp-json\/wp\/v2\/comments?post=26"}],"version-history":[{"count":9,"href":"https:\/\/franceshotokanparis.org\/france-shotokan-paris\/wp-json\/wp\/v2\/pages\/26\/revisions"}],"predecessor-version":[{"id":4104,"href":"https:\/\/franceshotokanparis.org\/france-shotokan-paris\/wp-json\/wp\/v2\/pages\/26\/revisions\/4104"}],"wp:attachment":[{"href":"https:\/\/franceshotokanparis.org\/france-shotokan-paris\/wp-json\/wp\/v2\/media?parent=26"}],"wp:term":[{"taxonomy":"category","embeddable":true,"href":"https:\/\/franceshotokanparis.org\/france-shotokan-paris\/wp-json\/wp\/v2\/categories?post=26"},{"taxonomy":"post_tag","embeddable":true,"href":"https:\/\/franceshotokanparis.org\/france-shotokan-paris\/wp-json\/wp\/v2\/tags?post=26"}],"curies":[{"name":"wp","href":"https:\/\/api.w.org\/{rel}","templated":true}]}}