{"id":2938,"date":"2021-09-02T08:11:14","date_gmt":"2021-09-02T06:11:14","guid":{"rendered":"https:\/\/franceshotokanparis.org\/france-shotokan-paris\/?page_id=2938"},"modified":"2022-07-26T08:31:18","modified_gmt":"2022-07-26T06:31:18","slug":"nouvelle-reglementation-certificat-medical","status":"publish","type":"page","link":"https:\/\/franceshotokanparis.org\/france-shotokan-paris\/nouvelle-reglementation-certificat-medical\/","title":{"rendered":"Nouvelle r\u00e9glementation Certificat M\u00e9dical"},"content":{"rendered":"<p>&nbsp;<\/p>\n<p>La F\u00e9d\u00e9ration Fran\u00e7aise de Karat\u00e9 et Disciplines Associ\u00e9es (FFKDA) a mis \u00e0 jour s<span id=\"page3R_mcid8\" class=\"markedContent\"><span dir=\"ltr\" role=\"presentation\">a politique f\u00e9d\u00e9rale pour <\/span><span dir=\"ltr\" role=\"presentation\">les saisons \u00e0 venir<\/span> <span dir=\"ltr\" role=\"presentation\">en mati\u00e8re de certificat m\u00e9dical pour la <\/span><\/span><span id=\"page3R_mcid8\" class=\"markedContent\"><\/span><span id=\"page3R_mcid8\" class=\"markedContent\"><span dir=\"ltr\" role=\"presentation\">nouvelle inscription en club et la prise de licence. <\/span> <\/span><span id=\"page3R_mcid9\" class=\"markedContent\"> <\/span><span id=\"page3R_mcid10\" class=\"markedContent\"><span dir=\"ltr\" role=\"presentation\">La r\u00e9glementation <\/span> <span dir=\"ltr\" role=\"presentation\">en vigueur sur les certif<\/span><span dir=\"ltr\" role=\"presentation\">icats m\u00e9dicaux a connu <\/span> <span dir=\"ltr\" role=\"presentation\">des modifications importantes ces <\/span><span dir=\"ltr\" role=\"presentation\">derni\u00e8res <\/span><span dir=\"ltr\" role=\"presentation\">ann\u00e9es, <\/span><span dir=\"ltr\" role=\"presentation\">avec <\/span><span dir=\"ltr\" role=\"presentation\">pour <\/span><span dir=\"ltr\" role=\"presentation\">finalit\u00e9 <\/span><span dir=\"ltr\" role=\"presentation\">principale <\/span><span dir=\"ltr\" role=\"presentation\">la <\/span><span dir=\"ltr\" role=\"presentation\">facilitation <\/span><span dir=\"ltr\" role=\"presentation\">de <\/span><span dir=\"ltr\" role=\"presentation\">la <\/span><span dir=\"ltr\" role=\"presentation\">prise <\/span><span dir=\"ltr\" role=\"presentation\">de <\/span><span dir=\"ltr\" role=\"presentation\">licence <\/span><span dir=\"ltr\" role=\"presentation\">et <\/span><span dir=\"ltr\" role=\"presentation\">des <\/span><span dir=\"ltr\" role=\"presentation\">renouvellements, <\/span><span dir=\"ltr\" role=\"presentation\">pour les pratiquants majeurs comme mineurs. <\/span> <\/span><span id=\"page3R_mcid11\" class=\"markedContent\"> <\/span><\/p>\n<p><span id=\"page3R_mcid12\" class=\"markedContent\"><span dir=\"ltr\" role=\"presentation\">A compter de la saison 2021-2022, la FFK <\/span><span dir=\"ltr\" role=\"presentation\">proc\u00e8de donc \u00e0 une \u00e9volution majeure de sa r\u00e9glementation en <\/span><span dir=\"ltr\" role=\"presentation\">vigueur en mati\u00e8re de certificat m\u00e9dical dont les d\u00e9tails sont d\u00e9voil\u00e9s dans la Circulaire du 27 juillet que vous pouvez<span style=\"text-decoration: underline;\"><a href=\"https:\/\/franceshotokanparis.org\/france-shotokan-paris\/wp-content\/uploads\/2021\/09\/20210730_CIRCULAIRE-007-Certificat-medical-et-questionnaire-de-sante-.pdf\"> retrouver &#8211;&gt; l\u00e0<\/a><\/span><\/span><\/span><span id=\"page3R_mcid12\" class=\"markedContent\"><\/span><\/p>\n<p>Vous retrouverez \u00e9galement l\u2019article complet et d\u00e9di\u00e9 \u00e0 ce sujet <strong>ainsi que les documents utiles \u00e0 t\u00e9l\u00e9charger<\/strong> (incluant les attestations sur l\u2019honneur \u00e0 nous remettre, si vous remplissez les conditions) en suivant <span style=\"text-decoration: underline;\"><a href=\"https:\/\/www.ffkarate.fr\/espace-licencies\/certificat-medical\/\">ce lien &#8211;&gt; cliquez<\/a><\/span><\/p>\n","protected":false},"excerpt":{"rendered":"<p>&nbsp; La F\u00e9d\u00e9ration Fran\u00e7aise de Karat\u00e9 et Disciplines Associ\u00e9es (FFKDA) a mis \u00e0 jour sa politique f\u00e9d\u00e9rale pour les saisons \u00e0 venir en mati\u00e8re de certificat m\u00e9dical pour la nouvelle inscription en club et la prise de licence. La r\u00e9glementation en vigueur sur les certificats m\u00e9dicaux a connu des modifications importantes ces derni\u00e8res ann\u00e9es, avec pour finalit\u00e9 [&hellip;]<\/p>\n","protected":false},"author":2,"featured_media":0,"parent":0,"menu_order":0,"comment_status":"closed","ping_status":"closed","template":"","meta":{"_exactmetrics_skip_tracking":false,"_exactmetrics_sitenote_active":false,"_exactmetrics_sitenote_note":"","_exactmetrics_sitenote_category":0,"footnotes":""},"categories":[],"tags":[],"_links":{"self":[{"href":"https:\/\/franceshotokanparis.org\/france-shotokan-paris\/wp-json\/wp\/v2\/pages\/2938"}],"collection":[{"href":"https:\/\/franceshotokanparis.org\/france-shotokan-paris\/wp-json\/wp\/v2\/pages"}],"about":[{"href":"https:\/\/franceshotokanparis.org\/france-shotokan-paris\/wp-json\/wp\/v2\/types\/page"}],"author":[{"embeddable":true,"href":"https:\/\/franceshotokanparis.org\/france-shotokan-paris\/wp-json\/wp\/v2\/users\/2"}],"replies":[{"embeddable":true,"href":"https:\/\/franceshotokanparis.org\/france-shotokan-paris\/wp-json\/wp\/v2\/comments?post=2938"}],"version-history":[{"count":5,"href":"https:\/\/franceshotokanparis.org\/france-shotokan-paris\/wp-json\/wp\/v2\/pages\/2938\/revisions"}],"predecessor-version":[{"id":3323,"href":"https:\/\/franceshotokanparis.org\/france-shotokan-paris\/wp-json\/wp\/v2\/pages\/2938\/revisions\/3323"}],"wp:attachment":[{"href":"https:\/\/franceshotokanparis.org\/france-shotokan-paris\/wp-json\/wp\/v2\/media?parent=2938"}],"wp:term":[{"taxonomy":"category","embeddable":true,"href":"https:\/\/franceshotokanparis.org\/france-shotokan-paris\/wp-json\/wp\/v2\/categories?post=2938"},{"taxonomy":"post_tag","embeddable":true,"href":"https:\/\/franceshotokanparis.org\/france-shotokan-paris\/wp-json\/wp\/v2\/tags?post=2938"}],"curies":[{"name":"wp","href":"https:\/\/api.w.org\/{rel}","templated":true}]}}