{"id":565,"date":"2018-10-03T17:18:34","date_gmt":"2018-10-03T15:18:34","guid":{"rendered":"https:\/\/franceshotokanparis.org\/france-shotokan-paris\/?page_id=565"},"modified":"2025-09-17T22:47:36","modified_gmt":"2025-09-17T20:47:36","slug":"nos-cours-de-karate","status":"publish","type":"page","link":"https:\/\/franceshotokanparis.org\/france-shotokan-paris\/nos-cours-de-karate\/","title":{"rendered":"Planning des cours"},"content":{"rendered":"<p>[vc_row][vc_column][vc_empty_space height=\u00a0\u00bb20px\u00a0\u00bb][vc_column_text]<\/p>\n<h3>La saison 2025-2026 de <strong>karat\u00e9<\/strong> d\u00e9bute :<\/h3>\n<ul>\n<li>pour les <span style=\"text-decoration: underline;\">Adultes<\/span>, les lundi 1-2eptembre 2025 aux gymnases Vaugirard-Littr\u00e9 pour les ceintures marron et noires, au lyc\u00e9e Montaigne pour tous les niveaux.<\/li>\n<li>pour les <span style=\"text-decoration: underline;\">Adolescents<\/span>, le Samedi 6 Septembre 2025 au gymnase Vaugirard,<\/li>\n<li>pour les <span style=\"text-decoration: underline;\">Enfants<\/span>, le Samedi 6 Septembre 2025 au gymnase Vaugirard.<\/li>\n<\/ul>\n<p>Tous les encadrants et le bureau du dojo sont b\u00e9n\u00e9voles et nous invitons toute personne int\u00e9ress\u00e9e \u00e0 venir pour un cours d&rsquo;essai !<\/p>\n<p>Le <strong>planning<\/strong> au format emploi du temps est ci-dessous ou encore sur ce lien : <span style=\"color: #008080;\"><a style=\"color: #008080;\" href=\"https:\/\/franceshotokanparis.org\/france-shotokan-paris\/wp-content\/uploads\/2025\/09\/Planning-FSK-Paris-2025-2026-1.png\" target=\"_blank\" rel=\"noopener\">https:\/\/franceshotokanparis.org\/france-shotokan-paris\/wp-content\/uploads\/2025\/09\/Planning-FSK-Paris-2025-2026-1.png<\/a><\/span><\/p>\n<h3><img loading=\"lazy\" decoding=\"async\" class=\"alignnone size-large wp-image-4515\" src=\"https:\/\/franceshotokanparis.org\/france-shotokan-paris\/wp-content\/uploads\/2025\/09\/Planning-FSK-Paris-2025-2026-1-1024x724.png\" alt=\"\" width=\"1024\" height=\"724\" srcset=\"https:\/\/franceshotokanparis.org\/france-shotokan-paris\/wp-content\/uploads\/2025\/09\/Planning-FSK-Paris-2025-2026-1-1024x724.png 1024w, https:\/\/franceshotokanparis.org\/france-shotokan-paris\/wp-content\/uploads\/2025\/09\/Planning-FSK-Paris-2025-2026-1-300x212.png 300w, https:\/\/franceshotokanparis.org\/france-shotokan-paris\/wp-content\/uploads\/2025\/09\/Planning-FSK-Paris-2025-2026-1-768x543.png 768w, https:\/\/franceshotokanparis.org\/france-shotokan-paris\/wp-content\/uploads\/2025\/09\/Planning-FSK-Paris-2025-2026-1-1536x1086.png 1536w, https:\/\/franceshotokanparis.org\/france-shotokan-paris\/wp-content\/uploads\/2025\/09\/Planning-FSK-Paris-2025-2026-1.png 2000w\" sizes=\"(max-width: 1024px) 100vw, 1024px\" \/><\/h3>\n<h3>L&rsquo;organisation des cours est aussi rappel\u00e9e dans le tableau ci-dessous avec le nom des encadrant<strong>s.<\/strong><\/h3>\n<table style=\"height: 341px;\" width=\"1167\">\n<tbody>\n<tr>\n<td><\/td>\n<td>\n<h4><strong>Lundi<\/strong><\/h4>\n<\/td>\n<td>\n<h4><strong>Mardi<\/strong><\/h4>\n<\/td>\n<td>\n<h4><strong>Mercredi<\/strong><\/h4>\n<\/td>\n<td>\n<h4><strong>Jeudi<\/strong><\/h4>\n<\/td>\n<td>\n<h4><strong>Samedi<\/strong><\/h4>\n<\/td>\n<td>\n<h4><strong>Samedi<\/strong><\/h4>\n<\/td>\n<td>\n<h4><strong>Samedi<\/strong><\/h4>\n<\/td>\n<\/tr>\n<tr>\n<td>\n<h4><strong>Heures<\/strong><\/h4>\n<h4><strong>&amp; Lieu<\/strong><\/h4>\n<\/td>\n<td>\n<h4>20h-22h<\/h4>\n<p><strong>Vaugirard<\/strong><\/td>\n<td>\n<h4>20h30-22h<\/h4>\n<p><strong>Montaigne<\/strong><\/td>\n<td>\n<h4>20h-22h<\/h4>\n<p><strong>Vaugirard<\/strong><\/td>\n<td>\n<h4>20h-22h<\/h4>\n<p><strong>Garanci\u00e8re<\/strong><\/td>\n<td>\n<h4>10h-12h<\/h4>\n<p><strong>Garanci\u00e8re<\/strong><\/td>\n<td>\n<h4>10h30-12h00<\/h4>\n<p><strong>Vaugirard<\/strong><\/td>\n<td>\n<h4>13h-14h<\/h4>\n<p><strong>Vaugirard<\/strong><\/td>\n<\/tr>\n<tr>\n<td>\n<h4><strong>Niveaux<\/strong><\/h4>\n<\/td>\n<td>\n<h4>Marron et noires<\/h4>\n<\/td>\n<td>\n<h4>Tous niveaux<\/h4>\n<\/td>\n<td>\n<h4>A partir de 1er dan<\/h4>\n<\/td>\n<td>\n<h4>Tous niveaux<\/h4>\n<\/td>\n<td>\n<h4>Tous niveaux<\/h4>\n<\/td>\n<td>\n<h4>Cours ADOS \u00e0 partir de 12 ans<\/h4>\n<\/td>\n<td>\n<h4>Cours ENFANTS \u00e0 partir de 6 ans<\/h4>\n<\/td>\n<\/tr>\n<tr>\n<td>\n<h4><strong>Responsables\u00a0<\/strong><\/h4>\n<h4><strong>&amp;<\/strong><\/h4>\n<h4><strong>assistants<\/strong><\/h4>\n<\/td>\n<td>\n<h4>Ambroise Audoin<\/h4>\n<\/td>\n<td>\n<h4>Dan Nisand<\/h4>\n<h4>Tich Bao Nguyen<\/h4>\n<\/td>\n<td>\n<h4>St\u00e9phane Audoin<\/h4>\n<h4>Ambroise Audoin<\/h4>\n<\/td>\n<td>\n<h4>Pierre Moulinier<\/h4>\n<\/td>\n<td>\n<h4>Hector Gomart<\/h4>\n<h4>Pierre Moulinier<\/h4>\n<h4><\/h4>\n<\/td>\n<td>\n<h4>Bau Ly<\/h4>\n<h4>Damien Cabrera<\/h4>\n<h4>Tich Bao Nguyen<\/h4>\n<\/td>\n<td>\n<h4>Yardena Cabessa<\/h4>\n<h4>B\u00e9atrice Giros<\/h4>\n<\/td>\n<\/tr>\n<\/tbody>\n<\/table>\n<p><!--more--><!--more-->[\/vc_column_text][vc_column_text][\/vc_column_text][vc_empty_space height=\u00a0\u00bb20px\u00a0\u00bb][\/vc_column][\/vc_row][vc_row][vc_column width=\u00a0\u00bb1\/3&Prime;][vc_column_text]<\/p>\n<h3 style=\"text-align: justify;\">7 cr\u00e9neaux de cours, par semaine, r\u00e9partis par niveau<\/h3>\n<ul>\n<li style=\"text-align: justify;\">Ceintures blanches (du 9\u00b0 au 4\u00b0 Kyu) : <strong>3 cours<\/strong> par semaine<\/li>\n<li style=\"text-align: justify;\">Ceintures marron (\u00e0 partir de 3\u00b0 Kyu) : <strong>4 cours<\/strong> par semaine<\/li>\n<li style=\"text-align: justify;\">Ceintures noires (\u00e0 partir de Shodan) : <strong>4 \u00e0 5 cours<\/strong> par semaine<\/li>\n<li style=\"text-align: justify;\">Enfants (6 \u00e0 12 ans) &amp; ados (12 \u00e0 18 ans) : <strong>1 cours<\/strong> par semaine<\/li>\n<\/ul>\n<p>[\/vc_column_text][\/vc_column][vc_column width=\u00a0\u00bb1\/3&Prime;][vc_column_text css=\u00a0\u00bb.vc_custom_1543178377650{margin-left: 30px !important;}\u00a0\u00bb]<\/p>\n<h3 style=\"text-align: justify;\">Les entra\u00eenements libres<\/h3>\n<p style=\"text-align: justify;\">Ils sont ouvert \u00e0 tous ! C&rsquo;est le moment privil\u00e9gi\u00e9 o\u00f9 seniors et juniors se rencontrent, s&rsquo;entra\u00eenent et partagent leur exp\u00e9rience. L&rsquo;encha\u00eenement des katas, d&rsquo;une technique \u00e0 perfectionner, le travail au sac de frappe ou le travail \u00e0 deux y sont r\u00e9alis\u00e9s sous forme d&rsquo;atelier.<\/p>\n<p>Rendez-vous aux horaires et lieux ci-dessous :<\/p>\n<ul>\n<li>Le Samedi de 12h \u00e0 14h \u00e0 Garanci\u00e8re<\/li>\n<li>Le Dimanche de 10h \u00e0 13h \u00e0 Masseran<\/li>\n<\/ul>\n<p>[\/vc_column_text][\/vc_column][vc_column width=\u00a0\u00bb1\/3&Prime;][vc_column_text css=\u00a0\u00bb.vc_custom_1732602573311{margin-left: 30px !important;}\u00a0\u00bb]<\/p>\n<h3 style=\"text-align: justify;\">Les cours de Kata du mois<\/h3>\n<p style=\"text-align: justify;\">Une fois par mois, les pratiquants se retrouvent pour pratiquer le Kata du mois (basique ou avanc\u00e9, suivant le niveau de pratique). Cela a g\u00e9n\u00e9ralement lieu le Samedi matin ou\/et apr\u00e8s-midi de 10h \u00e0 14h. Les dates et horaires pr\u00e9cis seront partag\u00e9s en temps voulu.<\/p>\n<p style=\"text-align: justify;\">C&rsquo;est l&rsquo;occasion de travailler intens\u00e9ment les katas et de d\u00e9couvrir les applications ou \u00ab\u00a0bunkai\u00a0\u00bb.<\/p>\n<p>[\/vc_column_text][\/vc_column][\/vc_row]<\/p>\n","protected":false},"excerpt":{"rendered":"<p>[vc_row][vc_column][vc_empty_space height=\u00a0\u00bb20px\u00a0\u00bb][vc_column_text] La saison 2025-2026 de karat\u00e9 d\u00e9bute : pour les Adultes, les lundi 1-2eptembre 2025 aux gymnases Vaugirard-Littr\u00e9 pour les ceintures marron et noires, au lyc\u00e9e Montaigne pour tous les niveaux. pour les Adolescents, le Samedi 6 Septembre 2025 au gymnase Vaugirard, pour les Enfants, le Samedi 6 Septembre 2025 au gymnase Vaugirard. Tous les encadrants [&hellip;]<\/p>\n","protected":false},"author":2,"featured_media":0,"parent":0,"menu_order":0,"comment_status":"closed","ping_status":"closed","template":"tpl\/page_fullwidth.php","meta":{"_exactmetrics_skip_tracking":false,"_exactmetrics_sitenote_active":false,"_exactmetrics_sitenote_note":"","_exactmetrics_sitenote_category":0,"footnotes":""},"categories":[],"tags":[16,7,17,15,6,18,19,20,47,8],"_links":{"self":[{"href":"https:\/\/franceshotokanparis.org\/france-shotokan-paris\/wp-json\/wp\/v2\/pages\/565"}],"collection":[{"href":"https:\/\/franceshotokanparis.org\/france-shotokan-paris\/wp-json\/wp\/v2\/pages"}],"about":[{"href":"https:\/\/franceshotokanparis.org\/france-shotokan-paris\/wp-json\/wp\/v2\/types\/page"}],"author":[{"embeddable":true,"href":"https:\/\/franceshotokanparis.org\/france-shotokan-paris\/wp-json\/wp\/v2\/users\/2"}],"replies":[{"embeddable":true,"href":"https:\/\/franceshotokanparis.org\/france-shotokan-paris\/wp-json\/wp\/v2\/comments?post=565"}],"version-history":[{"count":44,"href":"https:\/\/franceshotokanparis.org\/france-shotokan-paris\/wp-json\/wp\/v2\/pages\/565\/revisions"}],"predecessor-version":[{"id":4516,"href":"https:\/\/franceshotokanparis.org\/france-shotokan-paris\/wp-json\/wp\/v2\/pages\/565\/revisions\/4516"}],"wp:attachment":[{"href":"https:\/\/franceshotokanparis.org\/france-shotokan-paris\/wp-json\/wp\/v2\/media?parent=565"}],"wp:term":[{"taxonomy":"category","embeddable":true,"href":"https:\/\/franceshotokanparis.org\/france-shotokan-paris\/wp-json\/wp\/v2\/categories?post=565"},{"taxonomy":"post_tag","embeddable":true,"href":"https:\/\/franceshotokanparis.org\/france-shotokan-paris\/wp-json\/wp\/v2\/tags?post=565"}],"curies":[{"name":"wp","href":"https:\/\/api.w.org\/{rel}","templated":true}]}}