{"id":6,"date":"2018-09-02T14:34:30","date_gmt":"2018-09-02T12:34:30","guid":{"rendered":"https:\/\/franceshotokanparis.org\/france-shotokan-paris\/?page_id=6"},"modified":"2025-05-09T11:29:54","modified_gmt":"2025-05-09T09:29:54","slug":"accueil","status":"publish","type":"page","link":"https:\/\/franceshotokanparis.org\/france-shotokan-paris\/","title":{"rendered":"Accueil"},"content":{"rendered":"<p>[vc_row default_id=\u00a0\u00bbthemesflat_1538149470&Prime;][vc_column]\n<div id=\"rev_slider_2_1_wrapper\" class=\"rev_slider_wrapper fullwidthbanner-container\" data-source=\"gallery\" style=\"margin:0px auto;background:transparent;padding:0px;margin-top:0px;margin-bottom:0px;\">\n<!-- START REVOLUTION SLIDER 5.4.7.4 fullwidth mode -->\n\t<div id=\"rev_slider_2_1\" class=\"rev_slider fullwidthabanner\" style=\"display:none;\" data-version=\"5.4.7.4\">\n<ul>\t<!-- SLIDE  -->\n\t<li data-index=\"rs-11\" data-transition=\"fadefromleft\" data-slotamount=\"default\" data-hideafterloop=\"0\" data-hideslideonmobile=\"off\"  data-easein=\"default\" data-easeout=\"default\" data-masterspeed=\"default\"  data-rotate=\"0\"  data-saveperformance=\"off\"  data-title=\"Slide\" data-param1=\"\" data-param2=\"\" data-param3=\"\" data-param4=\"\" data-param5=\"\" data-param6=\"\" data-param7=\"\" data-param8=\"\" data-param9=\"\" data-param10=\"\" data-description=\"\">\n\t\t<!-- MAIN IMAGE -->\n\t\t<img loading=\"lazy\" decoding=\"async\" src=\"https:\/\/franceshotokanparis.org\/france-shotokan-paris\/wp-content\/plugins\/revslider\/admin\/assets\/images\/dummy.png\"  alt=\"\" title=\"banner_03\"  width=\"1637\" height=\"490\" data-lazyload=\"https:\/\/franceshotokanparis.org\/france-shotokan-paris\/wp-content\/uploads\/2018\/10\/banner_03.png\" data-bgposition=\"center center\" data-kenburns=\"on\" data-duration=\"10000\" data-ease=\"Linear.easeNone\" data-scalestart=\"100\" data-scaleend=\"100\" data-rotatestart=\"0\" data-rotateend=\"0\" data-blurstart=\"0\" data-blurend=\"0\" data-offsetstart=\"0 0\" data-offsetend=\"0 0\" data-bgparallax=\"off\" class=\"rev-slidebg\" data-no-retina>\n\t\t<!-- LAYERS -->\n\t<\/li>\n\t<!-- SLIDE  -->\n\t<li data-index=\"rs-13\" data-transition=\"fade\" data-slotamount=\"default\" data-hideafterloop=\"0\" data-hideslideonmobile=\"off\"  data-easein=\"default\" data-easeout=\"default\" data-masterspeed=\"300\"  data-rotate=\"0\"  data-saveperformance=\"off\"  data-title=\"Slide\" data-param1=\"\" data-param2=\"\" data-param3=\"\" data-param4=\"\" data-param5=\"\" data-param6=\"\" data-param7=\"\" data-param8=\"\" data-param9=\"\" data-param10=\"\" data-description=\"\">\n\t\t<!-- MAIN IMAGE -->\n\t\t<img loading=\"lazy\" decoding=\"async\" src=\"https:\/\/franceshotokanparis.org\/france-shotokan-paris\/wp-content\/plugins\/revslider\/admin\/assets\/images\/dummy.png\"  alt=\"\" title=\"enfants3\"  width=\"1354\" height=\"598\" data-lazyload=\"https:\/\/franceshotokanparis.org\/france-shotokan-paris\/wp-content\/uploads\/2018\/10\/enfants3.jpg\" data-bgposition=\"center center\" data-bgfit=\"cover\" data-bgrepeat=\"no-repeat\" data-bgparallax=\"off\" class=\"rev-slidebg\" data-no-retina>\n\t\t<!-- LAYERS -->\n\t<\/li>\n\t<!-- SLIDE  -->\n\t<li data-index=\"rs-6\" data-transition=\"fade,slideup\" data-slotamount=\"default,default\" data-hideafterloop=\"0\" data-hideslideonmobile=\"off\"  data-easein=\"default,default\" data-easeout=\"default,default\" data-masterspeed=\"300,default\"  data-delay=\"2000\"  data-rotate=\"0,0\"  data-saveperformance=\"off\"  data-title=\"Slide\" data-param1=\"\" data-param2=\"\" data-param3=\"\" data-param4=\"\" data-param5=\"\" data-param6=\"\" data-param7=\"\" data-param8=\"\" data-param9=\"\" data-param10=\"\" data-description=\"\">\n\t\t<!-- MAIN IMAGE -->\n\t\t<img loading=\"lazy\" decoding=\"async\" src=\"https:\/\/franceshotokanparis.org\/france-shotokan-paris\/wp-content\/plugins\/revslider\/admin\/assets\/images\/dummy.png\"  alt=\"\" title=\"15253389_1297350836990192_4030146647245236141_n\"  width=\"954\" height=\"377\" data-lazyload=\"https:\/\/franceshotokanparis.org\/france-shotokan-paris\/wp-content\/uploads\/2018\/10\/15253389_1297350836990192_4030146647245236141_n.jpg\" data-bgposition=\"center top\" data-bgfit=\"cover\" data-bgrepeat=\"no-repeat\" data-bgparallax=\"off\" class=\"rev-slidebg\" data-no-retina>\n\t\t<!-- LAYERS -->\n\t<\/li>\n\t<!-- SLIDE  -->\n\t<li data-index=\"rs-12\" data-transition=\"fade\" data-slotamount=\"default\" data-hideafterloop=\"0\" data-hideslideonmobile=\"off\"  data-easein=\"default\" data-easeout=\"default\" data-masterspeed=\"300\"  data-rotate=\"0\"  data-saveperformance=\"off\"  data-title=\"Slide\" data-param1=\"\" data-param2=\"\" data-param3=\"\" data-param4=\"\" data-param5=\"\" data-param6=\"\" data-param7=\"\" data-param8=\"\" data-param9=\"\" data-param10=\"\" data-description=\"\">\n\t\t<!-- MAIN IMAGE -->\n\t\t<img loading=\"lazy\" decoding=\"async\" src=\"https:\/\/franceshotokanparis.org\/france-shotokan-paris\/wp-content\/plugins\/revslider\/admin\/assets\/images\/dummy.png\"  alt=\"\" title=\"p2\"  width=\"1025\" height=\"331\" data-lazyload=\"https:\/\/franceshotokanparis.org\/france-shotokan-paris\/wp-content\/uploads\/2018\/10\/p2-e1538601410272.jpg\" data-bgposition=\"center center\" data-bgfit=\"cover\" data-bgrepeat=\"no-repeat\" data-bgparallax=\"off\" class=\"rev-slidebg\" data-no-retina>\n\t\t<!-- LAYERS -->\n\t<\/li>\n<\/ul>\n<div class=\"tp-bannertimer tp-bottom\" style=\"visibility: hidden !important;\"><\/div>\t<\/div>\n<script>var htmlDiv = document.getElementById(\"rs-plugin-settings-inline-css\"); var htmlDivCss=\"\";\r\n\t\t\t\tif(htmlDiv) {\r\n\t\t\t\t\thtmlDiv.innerHTML = htmlDiv.innerHTML + htmlDivCss;\r\n\t\t\t\t}else{\r\n\t\t\t\t\tvar htmlDiv = document.createElement(\"div\");\r\n\t\t\t\t\thtmlDiv.innerHTML = \"<style>\" + htmlDivCss + \"<\/style>\";\r\n\t\t\t\t\tdocument.getElementsByTagName(\"head\")[0].appendChild(htmlDiv.childNodes[0]);\r\n\t\t\t\t}\r\n\t\t\t<\/script>\n\t\t<script type=\"text\/javascript\">\r\nif (setREVStartSize!==undefined) setREVStartSize(\r\n\t{c: '#rev_slider_2_1', responsiveLevels: [1240,1024,778,480], gridwidth: [1240,1024,778,480], gridheight: [400,400,300,300], sliderLayout: 'fullwidth'});\r\n\t\t\t\r\nvar revapi2,\r\n\ttpj;\t\r\n(function() {\t\t\t\r\n\tif (!\/loaded|interactive|complete\/.test(document.readyState)) document.addEventListener(\"DOMContentLoaded\",onLoad); else onLoad();\t\r\n\tfunction onLoad() {\t\t\t\t\r\n\t\tif (tpj===undefined) { tpj = jQuery; if(\"off\" == \"on\") tpj.noConflict();}\r\n\tif(tpj(\"#rev_slider_2_1\").revolution == undefined){\n\t\trevslider_showDoubleJqueryError(\"#rev_slider_2_1\");\n\t}else{\n\t\trevapi2 = tpj(\"#rev_slider_2_1\").show().revolution({\n\t\t\tsliderType:\"standard\",\n\t\t\tjsFileLocation:\"\/\/franceshotokanparis.org\/france-shotokan-paris\/wp-content\/plugins\/revslider\/public\/assets\/js\/\",\n\t\t\tsliderLayout:\"fullwidth\",\n\t\t\tdottedOverlay:\"none\",\n\t\t\tdelay:3000,\n\t\t\tnavigation: {\n\t\t\t\tkeyboardNavigation:\"off\",\n\t\t\t\tkeyboard_direction: \"horizontal\",\n\t\t\t\tmouseScrollNavigation:\"off\",\n \t\t\t\t\t\t\tmouseScrollReverse:\"default\",\n\t\t\t\tonHoverStop:\"off\",\n\t\t\t\ttouch:{\n\t\t\t\t\ttouchenabled:\"on\",\n\t\t\t\t\ttouchOnDesktop:\"off\",\n\t\t\t\t\tswipe_threshold: 75,\n\t\t\t\t\tswipe_min_touches: 50,\n\t\t\t\t\tswipe_direction: \"horizontal\",\n\t\t\t\t\tdrag_block_vertical: false\n\t\t\t\t}\n\t\t\t},\n\t\t\tresponsiveLevels:[1240,1024,778,480],\n\t\t\tvisibilityLevels:[1240,1024,778,480],\n\t\t\tgridwidth:[1240,1024,778,480],\n\t\t\tgridheight:[400,400,300,300],\n\t\t\tlazyType:\"smart\",\n\t\t\tparallax: {\n\t\t\t\ttype:\"mouse\",\n\t\t\t\torigo:\"slidercenter\",\n\t\t\t\tspeed:2000,\n\t\t\t\tspeedbg:0,\n\t\t\t\tspeedls:0,\n\t\t\t\tlevels:[2,3,4,5,6,7,12,16,10,50,47,48,49,50,51,55],\n\t\t\t},\n\t\t\tshadow:0,\n\t\t\tspinner:\"off\",\n\t\t\tstopLoop:\"on\",\n\t\t\tstopAfterLoops:30,\n\t\t\tstopAtSlide:1,\n\t\t\tshuffle:\"off\",\n\t\t\tautoHeight:\"off\",\n\t\t\tdisableProgressBar:\"on\",\n\t\t\thideThumbsOnMobile:\"on\",\n\t\t\thideSliderAtLimit:0,\n\t\t\thideCaptionAtLimit:0,\n\t\t\thideAllCaptionAtLilmit:0,\n\t\t\tdebugMode:false,\n\t\t\tfallbacks: {\n\t\t\t\tallowHTML5AutoPlayOnAndroid: false,\n\t\t\t\tsimplifyAll:\"off\",\n\t\t\t\tnextSlideOnWindowFocus:\"off\",\n\t\t\t\tdisableFocusListener:false,\n\t\t\t}\n\t\t});\n\t}; \/* END OF revapi call *\/\n\t\n }; \/* END OF ON LOAD FUNCTION *\/\r\n}()); \/* END OF WRAPPING FUNCTION *\/\r\n<\/script>\r\n\t\t<\/div><!-- END REVOLUTION SLIDER -->[vc_column_text]&nbsp;<\/p>\n<p><span style=\"color: #808080;\"><em>En cas de difficult\u00e9s d&rsquo;acc\u00e8s \u00e0 la version mobile de notre site, nous vous invitons \u00e0 le consulter sur ordinateur !\u00a0<\/em><\/span>[\/vc_column_text][\/vc_column][\/vc_row][vc_row full_width=\u00a0\u00bbstretch_row\u00a0\u00bb default_id=\u00a0\u00bbthemesflat_1538156515&Prime;][vc_column width=\u00a0\u00bb1\/2&Prime;][vc_empty_space height=\u00a0\u00bb10px\u00a0\u00bb][vc_empty_space height=\u00a0\u00bb10px\u00a0\u00bb][vc_empty_space height=\u00a0\u00bb18px\u00a0\u00bb][vc_column_text]<\/p>\n<h1 class=\"article-title\">Inscriptions 2025-2026<\/h1>\n<p>[\/vc_column_text][vc_column_text]&nbsp;<\/p>\n<p>Pour les adultes, le r\u00e8glement de la cotisation donne un <strong>acc\u00e8s illimit\u00e9<\/strong> aux diff\u00e9rents cr\u00e9neaux de cours et entra\u00eenements libres propos\u00e9s, quelque soit le gymnase.<\/p>\n<p>Nous vous invitons \u00e0 venir faire un\u00a0<strong>cours d\u2019essai<\/strong>\u00a0pour d\u00e9couvrir notre dojo. Il suffit d\u2019arriver 15 minutes avant le d\u00e9but du cours, en kimono ou en tenue de sport souple et de se pr\u00e9senter au professeur.<\/p>\n<h3 style=\"text-align: left;\"><strong>Les cours adultes :<\/strong><\/h3>\n<ul>\n<li>Lundi 20h-22h : Ceintures noires et marron &#8211; Gymnase Vaugirard Littr\u00e9<\/li>\n<li>Mardi 20h30-22h : <strong>Tous niveaux<\/strong> &#8211; Gymnase du Lyc\u00e9e Montaigne<\/li>\n<li>Mercredi 20h-22h : Ceintures noires &#8211; Gymnase Vaugirard Littr\u00e9<\/li>\n<li>Jeudi 20h-22h : <strong>Tous niveaux<\/strong> &#8211; Gymnase Garanci\u00e8re<\/li>\n<li>Samedi 10h-12h : <strong>Tous niveaux<\/strong> &#8211; Gymnase Garanci\u00e8re<\/li>\n<\/ul>\n<h3 style=\"text-align: left;\"><strong>Les cours enfants &amp; ados :<\/strong><\/h3>\n<ul style=\"text-align: justify;\">\n<li>Samedi 10h30-12h : <strong>12-17 ans<\/strong> &#8211; Gymnase Vaugirard Littr\u00e9 (possibilit\u00e9 \u00e0 partir de 16 ans d\u2019int\u00e9grer les cours adultes sans suppl\u00e9ment de cotisation, sur d\u00e9cision du professeur)<\/li>\n<li>Samedi 13h-14h : <strong>6-12 ans<\/strong> &#8211; Gymnase Vaugirard Littr\u00e9<\/li>\n<\/ul>\n<h3 style=\"text-align: left;\"><strong>Les entra\u00eenements libres :<\/strong><\/h3>\n<ul style=\"text-align: justify;\">\n<li>Lundi 18h-20h\u00a0: entra\u00eenement libre ceintures noires &#8211; Gymnase Vaugirard Littr\u00e9<\/li>\n<li>Samedi 12h-14h\u00a0: Entrainement libre tous niveaux adultes &#8211; Gymnase Garanci\u00e8re<\/li>\n<li>Dimanche 10h-13h : Entra\u00eenement libre tous niveaux adultes &#8211; Gymnase Masseran<\/li>\n<\/ul>\n<h3 style=\"text-align: left;\"><strong>Les lieux d&rsquo;entra\u00eenement :<\/strong><\/h3>\n<p>Tous nos dojos sont situ\u00e9s \u00e0 moins de 15 minutes \u00e0 pied les uns des autres, dans un quartier tr\u00e8s central (Montparnasse \/ Luxembourg).<\/p>\n<ul style=\"text-align: justify;\">\n<li>Gymnase Vaugirard-Littr\u00e9\u00a0: 87 rue de Vaugirard &#8211; 75006<\/li>\n<li>Gymnase Garanci\u00e8re\u00a0: 17 rue Garanci\u00e8re &#8211; 75006<\/li>\n<li>Gymnase du Lyc\u00e9e Montaigne\u00a0: 17 rue Auguste Compte &#8211; 75006<\/li>\n<li>Gymnase Masseran\u00a0: 6 rue Masseran &#8211; 75007<\/li>\n<\/ul>\n<h3 style=\"text-align: left;\"><strong>Les tarifs :<\/strong><\/h3>\n<ul style=\"text-align: justify;\">\n<li>Adultes : 250\u20ac \/an \u00a0(180\u20ac pour \u00e9tudiants et demandeurs d\u2019emploi)<\/li>\n<li>Enfants et Adolescents : 100\u20ac \/ an<\/li>\n<\/ul>\n<p><strong>Cours d\u2019essai gratuit<\/strong><\/p>\n<p><strong>Contact pour informations et inscriptions : franceshotokanparis@gmail.com ou 06.33.34.14.54<\/strong>[\/vc_column_text][\/vc_column][vc_column width=\u00a0\u00bb1\/2&Prime; css=\u00a0\u00bb.vc_custom_1538149780694{background-position: 0 0 !important;background-repeat: no-repeat !important;}\u00a0\u00bb][vc_column_text]<\/p>\n<h1>Notre Dojo en 3 minutes !<\/h1>\n<p>[\/vc_column_text][vc_empty_space height=\u00a0\u00bb18px\u00a0\u00bb][vc_video link=\u00a0\u00bbhttps:\/\/youtu.be\/eQvhtM1XqlE\u00a0\u00bb el_width=\u00a0\u00bb90&Prime; css=\u00a0\u00bb.vc_custom_1543492242941{margin-right: 20px !important;margin-left: 0px !important;}\u00a0\u00bb][vc_column_text]<\/p>\n<h1>Actus<\/h1>\n<p>[\/vc_column_text][vc_empty_space height=\u00a0\u00bb20px\u00a0\u00bb][vc_basic_grid post_type=\u00a0\u00bbpost\u00a0\u00bb max_items=\u00a0\u00bb2&Prime; element_width=\u00a0\u00bb6&Prime; gap=\u00a0\u00bb25&Prime; grid_id=\u00a0\u00bbvc_gid:1746782643182-885a4ebf28ab10ff8a01750f284bc8d6-7&Prime;][vc_empty_space height=\u00a0\u00bb20px\u00a0\u00bb][vc_btn title=\u00a0\u00bbCliquez pour acc\u00e9der \u00e0 toutes nos actus\u00a0\u00bb align=\u00a0\u00bbcenter\u00a0\u00bb link=\u00a0\u00bburl:https%3A%2F%2Ffranceshotokanparis.org%2Ffrance-shotokan-paris%2Factus%2F|||\u00a0\u00bb][\/vc_column][\/vc_row][vc_row][vc_column][vc_empty_space height=\u00a0\u00bb30&Prime;][vc_column_text]<\/p>\n<h1 class=\"article-title\" style=\"text-align: center;\"><a title=\"Et si je commen\u00e7ais ? Le karat\u00e9 en 3 questions :\" href=\"https:\/\/franceshotokanparis.org\/index.php\/29-cat-articles-sur-la-pratique\/10-commencer-le-karate\">Et si je commen\u00e7ais ?<br \/>\nLe karat\u00e9 en 3 questions :<\/a><\/h1>\n<p>[\/vc_column_text][vc_empty_space height=\u00a0\u00bb30&Prime;][\/vc_column][\/vc_row][vc_row][vc_column width=\u00a0\u00bb1\/3&Prime;][vc_column_text]<\/p>\n<h3 style=\"text-align: center;\">Quel est l&rsquo;\u00e9quipement n\u00e9cessaire ?<\/h3>\n<p style=\"text-align: justify;\">Commencer le karat\u00e9 demande un investissement raisonnable : un\u00a0<strong>keikogi,<\/strong>\u00a0une\u00a0<strong>ceinture blanche<\/strong>\u00a0et la volont\u00e9 de venir s\u2019entra\u00eener r\u00e9guli\u00e8rement. Deux entra\u00eenements par semaine sont n\u00e9cessaires si on souhaite progresser.<\/p>\n<p style=\"text-align: justify;\">Pour un cours d&rsquo;essai venez simplement avec votre motivation et des affaires de sport.<\/p>\n<p>[\/vc_column_text][\/vc_column][vc_column width=\u00a0\u00bb1\/3&Prime;][vc_column_text]<\/p>\n<h3 style=\"text-align: center;\">Quels sont les b\u00e9n\u00e9fices pour la sant\u00e9 ?<\/h3>\n<p style=\"text-align: justify;\">Le karat\u00e9 peut \u00eatre tr\u00e8s b\u00e9n\u00e9fique pour la sant\u00e9 avec une pratique adapt\u00e9e.<\/p>\n<p style=\"text-align: justify;\">De mani\u00e8re g\u00e9n\u00e9rale, le karat\u00e9 va faire appel \u00e0 la coordination et l\u2019\u00e9quilibre. Selon l\u2019\u00e2ge, la\u00a0<strong>pratique du karat\u00e9<\/strong>\u00a0va apporter des bienfaits sp\u00e9cifiques.<\/p>\n<p>Chez l\u2019enfant, il permet le travail de la lat\u00e9ralisation et de la pr\u00e9cision des gestes. Le travail \u00e0 deux ou en groupe lors des\u00a0<strong>entra\u00eenements<\/strong>permet de d\u00e9velopper les relations sociales.[\/vc_column_text][\/vc_column][vc_column width=\u00a0\u00bb1\/3&Prime;][vc_column_text]<\/p>\n<h3 style=\"text-align: center;\">Quelles sont les limites d\u2019\u00e2ge ?<\/h3>\n<p style=\"text-align: justify;\">Les\u00a0<strong>enfants<\/strong>\u00a0peuvent\u00a0<strong>d\u00e9buter le karat\u00e9<\/strong>\u00a0d\u00e8s l\u2019\u00e2ge de 6 ans. A partir de\u00a08 ou 9 ans, ils peuvent acqu\u00e9rir des notions de\u00a0comp\u00e9tition, avec des katas et du travail \u00e0 deux. Ils sont \u00e9valu\u00e9s en fin d&rsquo;ann\u00e9e (passage de grades). La\u00a0<strong>comp\u00e9tition<\/strong>\u00a0r\u00e9elle ne commence que vers l&rsquo;\u00e2ge de 11 \u00e0 12 ans.<\/p>\n<p style=\"text-align: justify;\">Il est rare de pratiquer la\u00a0<strong>comp\u00e9tition<\/strong>\u00a0\u00e0 un haut niveau au-del\u00e0 de 30 ans. On peut continuer les<strong>\u00a0combats traditionnels<\/strong>\u00a0ou libre ensuite, lors d\u2019assauts souples. Quant \u00e0\u00a0la pratique des katas, il n\u2019y a\u00a0pas de limite d\u2019\u00e2ge sup\u00e9rieur.<\/p>\n<p>[\/vc_column_text][\/vc_column][\/vc_row][vc_row][vc_column][vc_empty_space][\/vc_column][\/vc_row][vc_row default_id=\u00a0\u00bbthemesflat_1538160303&Prime;][vc_column][vc_btn title=\u00a0\u00bbINSCRIVEZ-VOUS\u00a0\u00bb size=\u00a0\u00bblg\u00a0\u00bb align=\u00a0\u00bbcenter\u00a0\u00bb link=\u00a0\u00bburl:https%3A%2F%2Ffranceshotokanparis.org%2Ffrance-shotokan-paris%2Finscription%2F|||\u00a0\u00bb][\/vc_column][\/vc_row][vc_row][vc_column][vc_empty_space][\/vc_column][\/vc_row][vc_row][vc_column][vc_empty_space][\/vc_column][\/vc_row]<\/p>\n","protected":false},"excerpt":{"rendered":"<p>[vc_row default_id=\u00a0\u00bbthemesflat_1538149470&Prime;][vc_column][vc_column_text]&nbsp; En cas de difficult\u00e9s d&rsquo;acc\u00e8s \u00e0 la version mobile de notre site, nous vous invitons \u00e0 le consulter sur ordinateur !\u00a0[\/vc_column_text][\/vc_column][\/vc_row][vc_row full_width=\u00a0\u00bbstretch_row\u00a0\u00bb default_id=\u00a0\u00bbthemesflat_1538156515&Prime;][vc_column width=\u00a0\u00bb1\/2&Prime;][vc_empty_space height=\u00a0\u00bb10px\u00a0\u00bb][vc_empty_space height=\u00a0\u00bb10px\u00a0\u00bb][vc_empty_space height=\u00a0\u00bb18px\u00a0\u00bb][vc_column_text] Inscriptions 2025-2026 [\/vc_column_text][vc_column_text]&nbsp; Pour les adultes, le r\u00e8glement de la cotisation donne un acc\u00e8s illimit\u00e9 aux diff\u00e9rents cr\u00e9neaux de cours et entra\u00eenements libres propos\u00e9s, quelque soit le gymnase. [&hellip;]<\/p>\n","protected":false},"author":2,"featured_media":0,"parent":0,"menu_order":0,"comment_status":"closed","ping_status":"closed","template":"tpl\/page_fullwidth.php","meta":{"_exactmetrics_skip_tracking":false,"_exactmetrics_sitenote_active":false,"_exactmetrics_sitenote_note":"","_exactmetrics_sitenote_category":0,"footnotes":""},"categories":[],"tags":[16,7,17,15,6,18,19,20,37,8],"_links":{"self":[{"href":"https:\/\/franceshotokanparis.org\/france-shotokan-paris\/wp-json\/wp\/v2\/pages\/6"}],"collection":[{"href":"https:\/\/franceshotokanparis.org\/france-shotokan-paris\/wp-json\/wp\/v2\/pages"}],"about":[{"href":"https:\/\/franceshotokanparis.org\/france-shotokan-paris\/wp-json\/wp\/v2\/types\/page"}],"author":[{"embeddable":true,"href":"https:\/\/franceshotokanparis.org\/france-shotokan-paris\/wp-json\/wp\/v2\/users\/2"}],"replies":[{"embeddable":true,"href":"https:\/\/franceshotokanparis.org\/france-shotokan-paris\/wp-json\/wp\/v2\/comments?post=6"}],"version-history":[{"count":189,"href":"https:\/\/franceshotokanparis.org\/france-shotokan-paris\/wp-json\/wp\/v2\/pages\/6\/revisions"}],"predecessor-version":[{"id":4497,"href":"https:\/\/franceshotokanparis.org\/france-shotokan-paris\/wp-json\/wp\/v2\/pages\/6\/revisions\/4497"}],"wp:attachment":[{"href":"https:\/\/franceshotokanparis.org\/france-shotokan-paris\/wp-json\/wp\/v2\/media?parent=6"}],"wp:term":[{"taxonomy":"category","embeddable":true,"href":"https:\/\/franceshotokanparis.org\/france-shotokan-paris\/wp-json\/wp\/v2\/categories?post=6"},{"taxonomy":"post_tag","embeddable":true,"href":"https:\/\/franceshotokanparis.org\/france-shotokan-paris\/wp-json\/wp\/v2\/tags?post=6"}],"curies":[{"name":"wp","href":"https:\/\/api.w.org\/{rel}","templated":true}]}}